{"id":1708,"date":"2021-01-17T17:13:50","date_gmt":"2021-01-17T17:13:50","guid":{"rendered":"https:\/\/bck08.de\/?page_id=1708"},"modified":"2025-10-29T19:38:23","modified_gmt":"2025-10-29T19:38:23","slug":"vereinsmeisterschaften","status":"publish","type":"page","link":"https:\/\/bck08.de\/?page_id=1708","title":{"rendered":"Vereinsmeisterschaft"},"content":{"rendered":"<table style=\"height: 500px; width: 110%; border-collapse: collapse; background-color: #99cdff; border-style: solid; border-color: #fcfeac;\">\n<tbody>\n<tr style=\"height: 28px;\">\n<td style=\"width: 13.3111%; height: 28px; border-style: solid; text-align: center; border-color: #000000; background-color: #e6dada;\"><span style=\"font-size: 12pt; font-family: arial, helvetica, sans-serif;\"><strong>Jahr<\/strong><\/span><\/td>\n<td style=\"width: 37.7704%; height: 28px; border-style: solid; text-align: center; border-color: #000000; background-color: #e6dada;\"><span style=\"font-family: arial, helvetica, sans-serif; font-size: 12pt;\"><b>T\u00eate-\u00e0-T\u00eate<\/b><\/span><\/td>\n<td style=\"width: 48.7521%; height: 28px; border-style: solid; text-align: center; border-color: #000000; background-color: #e6dada;\"><span style=\"font-family: arial, helvetica, sans-serif; font-size: 12pt;\"><b>Doublette<\/b><\/span><\/td>\n<\/tr>\n<tr>\n<td style=\"width: 13.3111%; border-style: solid; text-align: center; border-color: #000000; background-color: #e6dada;\"><span style=\"font-size: 12pt; font-family: arial, helvetica, sans-serif;\">2025<\/span><\/td>\n<td style=\"width: 37.7704%; border-style: solid; border-color: #000000; background-color: #e6dada; text-align: left;\"><span style=\"font-family: arial, helvetica, sans-serif; font-size: 12pt;\">Steffen Haas<\/span><\/td>\n<td style=\"width: 48.7521%; border-style: solid; border-color: #000000; background-color: #e6dada; text-align: left;\"><span style=\"font-family: arial, helvetica, sans-serif; font-size: 12pt;\">&#8211;<\/span><\/td>\n<\/tr>\n<tr>\n<td style=\"width: 13.3111%; border-style: solid; text-align: center; border-color: #000000; background-color: #e6dada;\"><span style=\"font-family: arial, helvetica, sans-serif; font-size: 12pt;\">2024<\/span><\/td>\n<td style=\"width: 37.7704%; border-style: solid; border-color: #000000; background-color: #e6dada;\"><span style=\"font-family: arial, helvetica, sans-serif; font-size: 12pt;\">Steffen Haas<\/span><\/td>\n<td style=\"width: 48.7521%; border-style: solid; border-color: #000000; background-color: #e6dada;\"><span style=\"font-family: arial, helvetica, sans-serif; font-size: 12pt;\">\u00a0Franzis Haas \/ Steffen Haas<\/span><\/td>\n<\/tr>\n<tr>\n<td style=\"width: 13.3111%; border-style: solid; text-align: center; border-color: #000000; background-color: #e6dada;\"><span style=\"font-family: arial, helvetica, sans-serif; font-size: 12pt;\">2023<\/span><\/td>\n<td style=\"width: 37.7704%; border-style: solid; border-color: #000000; background-color: #e6dada;\"><span style=\"font-family: arial, helvetica, sans-serif; font-size: 12pt;\"> Christoph Haas<\/span><\/td>\n<td style=\"width: 48.7521%; border-style: solid; border-color: #000000; background-color: #e6dada;\"><span style=\"font-family: arial, helvetica, sans-serif; font-size: 12pt;\">Christoph Haas \/ Dietmar Karow<\/span><\/td>\n<\/tr>\n<tr>\n<td style=\"width: 13.3111%; border-style: solid; text-align: center; border-color: #000000; background-color: #e6dada;\" width=\"110\"><span style=\"font-family: arial, helvetica, sans-serif; font-size: 12pt;\">2022<\/span><\/td>\n<td style=\"width: 37.7704%; border-style: solid; border-color: #000000; background-color: #e6dada;\" width=\"110\"><span style=\"font-family: arial, helvetica, sans-serif; font-size: 12pt;\">Steffen Haas<\/span><\/td>\n<td style=\"width: 48.7521%; border-style: solid; border-color: #000000; background-color: #e6dada;\" width=\"261\"><span style=\"font-family: arial, helvetica, sans-serif; font-size: 12pt;\">Horst Aussem \/ Manfred Gossen<\/span><\/td>\n<\/tr>\n<tr>\n<td style=\"width: 13.3111%; border-style: solid; text-align: center; border-color: #000000; background-color: #e6dada;\" width=\"110\"><span style=\"font-family: arial, helvetica, sans-serif; font-size: 12pt;\">2021<\/span><\/td>\n<td style=\"width: 37.7704%; border-style: solid; border-color: #000000; background-color: #e6dada;\" width=\"110\"><span style=\"font-family: arial, helvetica, sans-serif; font-size: 12pt;\">Karl-Heinz Schnakenberg<\/span><\/td>\n<td style=\"width: 48.7521%; border-style: solid; border-color: #000000; background-color: #e6dada;\" width=\"261\"><span style=\"font-family: arial, helvetica, sans-serif; font-size: 12pt;\">\u00a0&#8211;<\/span><\/td>\n<\/tr>\n<tr>\n<td style=\"width: 13.3111%; border-style: solid; text-align: center; border-color: #000000; background-color: #e6dada;\" width=\"110\"><span style=\"font-family: arial, helvetica, sans-serif; font-size: 12pt;\">2020<\/span><\/td>\n<td style=\"width: 37.7704%; border-style: solid; border-color: #000000; background-color: #e6dada;\" width=\"110\"><span style=\"font-family: arial, helvetica, sans-serif; font-size: 12pt;\">Klaus Spickermann<\/span><\/td>\n<td style=\"width: 48.7521%; border-style: solid; border-color: #000000; background-color: #e6dada;\" width=\"261\"><span style=\"font-family: arial, helvetica, sans-serif; font-size: 12pt;\">Alex Gall \/ Steffen Haas<\/span><\/td>\n<\/tr>\n<tr>\n<td style=\"width: 13.3111%; border-style: solid; text-align: center; border-color: #000000; background-color: #e6dada;\" width=\"110\"><span style=\"font-family: arial, helvetica, sans-serif; font-size: 12pt;\">2019<\/span><\/td>\n<td style=\"width: 37.7704%; border-style: solid; border-color: #000000; background-color: #e6dada;\" width=\"110\"><span style=\"font-family: arial, helvetica, sans-serif; font-size: 12pt;\">Franzis Haas<\/span><\/td>\n<td style=\"width: 48.7521%; border-style: solid; border-color: #000000; background-color: #e6dada;\" width=\"261\"><span style=\"font-family: arial, helvetica, sans-serif; font-size: 12pt;\">Monika Hinz \/ Klaus Spickermann<\/span><\/td>\n<\/tr>\n<tr>\n<td style=\"width: 13.3111%; border-style: solid; text-align: center; border-color: #000000; background-color: #e6dada;\" width=\"110\"><span style=\"font-family: arial, helvetica, sans-serif; font-size: 12pt;\">2018<\/span><\/td>\n<td style=\"width: 37.7704%; border-style: solid; border-color: #000000; background-color: #e6dada;\" width=\"110\"><span style=\"font-family: arial, helvetica, sans-serif; font-size: 12pt;\">Jan Spanholtz<\/span><\/td>\n<td style=\"width: 48.7521%; border-style: solid; border-color: #000000; background-color: #e6dada;\" width=\"261\"><span style=\"font-family: arial, helvetica, sans-serif; font-size: 12pt;\">Silvia Rink \/ Alex Gall<\/span><\/td>\n<\/tr>\n<tr>\n<td style=\"width: 13.3111%; border-style: solid; text-align: center; border-color: #000000; background-color: #e6dada;\" width=\"110\"><span style=\"font-family: arial, helvetica, sans-serif; font-size: 12pt;\">2017<\/span><\/td>\n<td style=\"width: 37.7704%; border-style: solid; border-color: #000000; background-color: #e6dada;\" width=\"110\"><span style=\"font-family: arial, helvetica, sans-serif; font-size: 12pt;\">Christa Terbuyken<\/span><\/td>\n<td style=\"width: 48.7521%; border-style: solid; border-color: #000000; background-color: #e6dada;\" width=\"261\"><span style=\"font-family: arial, helvetica, sans-serif; font-size: 12pt;\">Alex Gall \/ Jan Spanholtz<\/span><\/td>\n<\/tr>\n<tr>\n<td style=\"width: 13.3111%; border-style: solid; text-align: center; border-color: #000000; background-color: #e6dada;\" width=\"110\"><span style=\"font-family: arial, helvetica, sans-serif; font-size: 12pt;\">2016<\/span><\/td>\n<td style=\"width: 37.7704%; border-style: solid; border-color: #000000; background-color: #e6dada;\" width=\"110\"><span style=\"font-family: arial, helvetica, sans-serif; font-size: 12pt;\">Alex Gall<\/span><\/td>\n<td style=\"width: 48.7521%; border-style: solid; border-color: #000000; background-color: #e6dada;\" width=\"261\"><span style=\"font-family: arial, helvetica, sans-serif; font-size: 12pt;\">Franzis Haas \/ Robert Lourens<\/span><\/td>\n<\/tr>\n<tr>\n<td style=\"width: 13.3111%; border-style: solid; text-align: center; border-color: #000000; background-color: #e6dada;\" width=\"110\"><span style=\"font-family: arial, helvetica, sans-serif; font-size: 12pt;\">2015<\/span><\/td>\n<td style=\"width: 37.7704%; border-style: solid; border-color: #000000; background-color: #e6dada;\" width=\"110\"><span style=\"font-family: arial, helvetica, sans-serif; font-size: 12pt;\">Alex Gall<\/span><\/td>\n<td style=\"width: 48.7521%; border-style: solid; border-color: #000000; background-color: #e6dada;\" width=\"261\"><span style=\"font-family: arial, helvetica, sans-serif; font-size: 12pt;\">Rita Kohl \/ Klaus Spickermann<\/span><\/td>\n<\/tr>\n<tr>\n<td style=\"width: 13.3111%; border-style: solid; text-align: center; border-color: #000000; background-color: #e6dada;\" width=\"110\"><span style=\"font-family: arial, helvetica, sans-serif; font-size: 12pt;\">2014<\/span><\/td>\n<td style=\"width: 37.7704%; border-style: solid; border-color: #000000; background-color: #e6dada;\" width=\"110\"><span style=\"font-family: arial, helvetica, sans-serif; font-size: 12pt;\">Lars Matenaar<\/span><\/td>\n<td style=\"width: 48.7521%; border-style: solid; border-color: #000000; background-color: #e6dada;\" width=\"261\"><span style=\"font-family: arial, helvetica, sans-serif; font-size: 12pt;\">Franzis Haas \/ Erwin Wellhausen<\/span><\/td>\n<\/tr>\n<tr>\n<td style=\"width: 13.3111%; border-style: solid; text-align: center; border-color: #000000; background-color: #e6dada;\" width=\"110\"><span style=\"font-family: arial, helvetica, sans-serif; font-size: 12pt;\">2013<\/span><\/td>\n<td style=\"width: 37.7704%; border-style: solid; border-color: #000000; background-color: #e6dada;\" width=\"110\"><span style=\"font-family: arial, helvetica, sans-serif; font-size: 12pt;\">Franzis Haas<\/span><\/td>\n<td style=\"width: 48.7521%; border-style: solid; border-color: #000000; background-color: #e6dada;\" width=\"261\"><span style=\"font-family: arial, helvetica, sans-serif; font-size: 12pt;\">Rita Kohl \/ Karl Br\u00fcker<\/span><\/td>\n<\/tr>\n<tr>\n<td style=\"width: 13.3111%; border-style: solid; text-align: center; border-color: #000000; background-color: #e6dada;\" width=\"110\"><span style=\"font-family: arial, helvetica, sans-serif; font-size: 12pt;\">2012<\/span><\/td>\n<td style=\"width: 37.7704%; border-style: solid; border-color: #000000; background-color: #e6dada;\" width=\"110\"><span style=\"font-family: arial, helvetica, sans-serif; font-size: 12pt;\">&#8211;<\/span><\/td>\n<td style=\"width: 48.7521%; border-style: solid; border-color: #000000; background-color: #e6dada;\" width=\"261\"><span style=\"font-family: arial, helvetica, sans-serif; font-size: 12pt;\">Kai Sicker \/ Christian Hildebrandt<\/span><\/td>\n<\/tr>\n<tr>\n<td style=\"width: 13.3111%; border-style: solid; text-align: center; border-color: #000000; background-color: #e6dada;\" width=\"110\"><span style=\"font-family: arial, helvetica, sans-serif; font-size: 12pt;\">2011<\/span><\/td>\n<td style=\"width: 37.7704%; border-style: solid; border-color: #000000; background-color: #e6dada;\" width=\"110\"><span style=\"font-family: arial, helvetica, sans-serif; font-size: 12pt;\">&#8211;<\/span><\/td>\n<td style=\"width: 48.7521%; border-style: solid; border-color: #000000; background-color: #e6dada;\" width=\"261\"><span style=\"font-family: arial, helvetica, sans-serif; font-size: 12pt;\">Kai Sicker \/ Werner Heselmann<\/span><\/td>\n<\/tr>\n<tr>\n<td style=\"width: 13.3111%; border-style: solid; text-align: center; border-color: #000000; background-color: #e6dada;\" width=\"110\"><span style=\"font-family: arial, helvetica, sans-serif; font-size: 12pt;\">2010<\/span><\/td>\n<td style=\"width: 37.7704%; border-style: solid; border-color: #000000; background-color: #e6dada;\" width=\"110\"><span style=\"font-family: arial, helvetica, sans-serif; font-size: 12pt;\">Kai Sicker<\/span><\/td>\n<td style=\"width: 48.7521%; border-style: solid; border-color: #000000; background-color: #e6dada;\" width=\"261\"><span style=\"font-family: arial, helvetica, sans-serif; font-size: 12pt;\">&#8211;<\/span><\/td>\n<\/tr>\n<tr>\n<td style=\"width: 13.3111%; border-style: solid; text-align: center; border-color: #000000; background-color: #e6dada;\" width=\"110\"><span style=\"font-family: arial, helvetica, sans-serif; font-size: 12pt;\">2009<\/span><\/td>\n<td style=\"width: 37.7704%; border-style: solid; border-color: #000000; background-color: #e6dada;\" width=\"110\"><span style=\"font-family: arial, helvetica, sans-serif; font-size: 12pt;\">Kai Sicker<\/span><\/td>\n<td style=\"width: 48.7521%; border-style: solid; border-color: #000000; background-color: #e6dada;\" width=\"261\"><span style=\"font-family: arial, helvetica, sans-serif; font-size: 12pt;\">&#8211;<\/span><\/td>\n<\/tr>\n<\/tbody>\n<\/table>\n","protected":false},"excerpt":{"rendered":"<p>Jahr T\u00eate-\u00e0-T\u00eate Doublette 2025 Steffen Haas &#8211; 2024 Steffen Haas \u00a0Franzis Haas \/ Steffen Haas 2023 Christoph Haas Christoph Haas \/ Dietmar Karow 2022 Steffen Haas Horst Aussem \/ Manfred [&hellip;]<\/p>\n","protected":false},"author":1,"featured_media":0,"parent":0,"menu_order":0,"comment_status":"closed","ping_status":"closed","template":"","meta":{"_EventAllDay":false,"_EventTimezone":"","_EventStartDate":"","_EventEndDate":"","_EventStartDateUTC":"","_EventEndDateUTC":"","_EventShowMap":false,"_EventShowMapLink":false,"_EventURL":"","_EventCost":"","_EventCostDescription":"","_EventCurrencySymbol":"","_EventCurrencyCode":"","_EventCurrencyPosition":"","_EventDateTimeSeparator":"","_EventTimeRangeSeparator":"","_EventOrganizerID":[],"_EventVenueID":[],"_OrganizerEmail":"","_OrganizerPhone":"","_OrganizerWebsite":"","_VenueAddress":"","_VenueCity":"","_VenueCountry":"","_VenueProvince":"","_VenueState":"","_VenueZip":"","_VenuePhone":"","_VenueURL":"","_VenueStateProvince":"","_VenueLat":"","_VenueLng":"","_VenueShowMap":false,"_VenueShowMapLink":false,"footnotes":""},"class_list":["post-1708","page","type-page","status-publish","hentry"],"_links":{"self":[{"href":"https:\/\/bck08.de\/index.php?rest_route=\/wp\/v2\/pages\/1708","targetHints":{"allow":["GET"]}}],"collection":[{"href":"https:\/\/bck08.de\/index.php?rest_route=\/wp\/v2\/pages"}],"about":[{"href":"https:\/\/bck08.de\/index.php?rest_route=\/wp\/v2\/types\/page"}],"author":[{"embeddable":true,"href":"https:\/\/bck08.de\/index.php?rest_route=\/wp\/v2\/users\/1"}],"replies":[{"embeddable":true,"href":"https:\/\/bck08.de\/index.php?rest_route=%2Fwp%2Fv2%2Fcomments&post=1708"}],"version-history":[{"count":30,"href":"https:\/\/bck08.de\/index.php?rest_route=\/wp\/v2\/pages\/1708\/revisions"}],"predecessor-version":[{"id":3371,"href":"https:\/\/bck08.de\/index.php?rest_route=\/wp\/v2\/pages\/1708\/revisions\/3371"}],"wp:attachment":[{"href":"https:\/\/bck08.de\/index.php?rest_route=%2Fwp%2Fv2%2Fmedia&parent=1708"}],"curies":[{"name":"wp","href":"https:\/\/api.w.org\/{rel}","templated":true}]}}